{"id":2994,"date":"2019-01-02T17:54:02","date_gmt":"2019-01-02T16:54:02","guid":{"rendered":"https:\/\/academy.wiemspro.com\/?page_id=2994"},"modified":"2023-01-13T10:21:23","modified_gmt":"2023-01-13T09:21:23","slug":"entrenamientos-wiemspro","status":"publish","type":"page","link":"https:\/\/academy.wiemspro.com\/es\/entrenamientos-wiemspro\/","title":{"rendered":"Entrenamientos Wiemspro"},"content":{"rendered":"\t\t<div data-elementor-type=\"wp-page\" data-elementor-id=\"2994\" class=\"elementor elementor-2994\" data-elementor-post-type=\"page\">\n\t\t\t\t\t\t<section class=\"elementor-section elementor-top-section elementor-element elementor-element-523b191 elementor-section-height-min-height elementor-section-boxed elementor-section-height-default elementor-section-items-middle\" data-id=\"523b191\" data-element_type=\"section\" data-e-type=\"section\" data-settings=\"{&quot;background_background&quot;:&quot;classic&quot;}\">\n\t\t\t\t\t\t<div class=\"elementor-container elementor-column-gap-default\">\n\t\t\t\t\t<div class=\"elementor-column elementor-col-100 elementor-top-column elementor-element elementor-element-1a89b46\" data-id=\"1a89b46\" data-element_type=\"column\" data-e-type=\"column\">\n\t\t\t<div class=\"elementor-widget-wrap elementor-element-populated\">\n\t\t\t\t\t\t<div class=\"elementor-element elementor-element-534d943 elementor-widget elementor-widget-heading\" data-id=\"534d943\" data-element_type=\"widget\" data-e-type=\"widget\" data-widget_type=\"heading.default\">\n\t\t\t\t<div class=\"elementor-widget-container\">\n\t\t\t\t\t<h1 class=\"elementor-heading-title elementor-size-default\">Entrenamientos Wiemspro<\/h1>\t\t\t\t<\/div>\n\t\t\t\t<\/div>\n\t\t\t\t\t<\/div>\n\t\t<\/div>\n\t\t\t\t\t<\/div>\n\t\t<\/section>\n\t\t\t\t<section class=\"elementor-section elementor-top-section elementor-element elementor-element-2f1a2df elementor-section-boxed elementor-section-height-default elementor-section-height-default\" data-id=\"2f1a2df\" data-element_type=\"section\" data-e-type=\"section\" data-settings=\"{&quot;background_background&quot;:&quot;classic&quot;}\">\n\t\t\t\t\t\t<div class=\"elementor-container elementor-column-gap-default\">\n\t\t\t\t\t<div class=\"elementor-column elementor-col-100 elementor-top-column elementor-element elementor-element-d5a71cf\" data-id=\"d5a71cf\" data-element_type=\"column\" data-e-type=\"column\">\n\t\t\t<div class=\"elementor-widget-wrap elementor-element-populated\">\n\t\t\t\t\t\t<div class=\"elementor-element elementor-element-a50d80b elementor-widget elementor-widget-heading\" data-id=\"a50d80b\" data-element_type=\"widget\" data-e-type=\"widget\" data-widget_type=\"heading.default\">\n\t\t\t\t<div class=\"elementor-widget-container\">\n\t\t\t\t\t<h2 class=\"elementor-heading-title elementor-size-default\">\u00bfQu\u00e9 son los Entrenamientos Wiemspro?<\/h2>\t\t\t\t<\/div>\n\t\t\t\t<\/div>\n\t\t\t\t<div class=\"elementor-element elementor-element-41f2806 elementor-widget elementor-widget-text-editor\" data-id=\"41f2806\" data-element_type=\"widget\" data-e-type=\"widget\" data-widget_type=\"text-editor.default\">\n\t\t\t\t<div class=\"elementor-widget-container\">\n\t\t\t\t\t\t\t\t\t<p><span style=\"font-weight: 400;\">Los Entrenamientos Wiemspro son programaciones de entrenamiento en las cuales se detallan todos los elementos que debe controlar un entrenador.<\/span><\/p><p><span style=\"font-weight: 400;\">Cada programaci\u00f3n est\u00e1 compuesta por 8 sesiones, las cuales se dividen en 3 partes: calentamiento, parte principal y vuelta a la calma.<\/span><\/p><p><span style=\"font-weight: 400;\">Al inicio de cada programaci\u00f3n te indicamos los programas de electroestimulaci\u00f3n que debes crear en cada sesi\u00f3n. Hemos desarrollado una progresi\u00f3n en los par\u00e1metros de onda con la intenci\u00f3n de maximizar la eficiencia y la seguridad durante el entrenamiento.<\/span><\/p><p><span style=\"font-weight: 400;\">Cada sesi\u00f3n incluye consejos pr\u00e1cticos para su control y manejo, todos los ejercicios ilustrados, consejos t\u00e9cnicos en cada ejercicio y toda la estructura del entrenamiento clara y detallada.<\/span><\/p><p><span style=\"font-weight: 400;\">Lo mejor es que podr\u00e1s consultar los entrenamientos desde tu propio IPad en una sola pantalla, por lo cual podr\u00e1s usarlos f\u00e1cilmente durante tu trabajo.<\/span><\/p>\t\t\t\t\t\t\t\t<\/div>\n\t\t\t\t<\/div>\n\t\t\t\t\t<\/div>\n\t\t<\/div>\n\t\t\t\t\t<\/div>\n\t\t<\/section>\n\t\t\t\t<section class=\"elementor-section elementor-top-section elementor-element elementor-element-8d74f64 elementor-section-height-min-height elementor-section-boxed elementor-section-height-default elementor-section-items-middle\" data-id=\"8d74f64\" data-element_type=\"section\" data-e-type=\"section\" data-settings=\"{&quot;background_background&quot;:&quot;classic&quot;}\">\n\t\t\t\t\t\t<div class=\"elementor-container elementor-column-gap-default\">\n\t\t\t\t\t<div class=\"elementor-column elementor-col-100 elementor-top-column elementor-element elementor-element-fb84de5\" data-id=\"fb84de5\" data-element_type=\"column\" data-e-type=\"column\">\n\t\t\t<div class=\"elementor-widget-wrap elementor-element-populated\">\n\t\t\t\t\t\t<div class=\"elementor-element elementor-element-fa6a695 elementor-widget elementor-widget-heading\" data-id=\"fa6a695\" data-element_type=\"widget\" data-e-type=\"widget\" data-widget_type=\"heading.default\">\n\t\t\t\t<div class=\"elementor-widget-container\">\n\t\t\t\t\t<h2 class=\"elementor-heading-title elementor-size-default\">Desde Wiemspro nos esforzamos por ayudarte a mejorar como profesional.\nCon esta intenci\u00f3n hemos desarrollado los \"Entrenamientos Wiemspro\".\n<\/h2>\t\t\t\t<\/div>\n\t\t\t\t<\/div>\n\t\t\t\t\t<\/div>\n\t\t<\/div>\n\t\t\t\t\t<\/div>\n\t\t<\/section>\n\t\t\t\t<section class=\"elementor-section elementor-top-section elementor-element elementor-element-192747d elementor-section-boxed elementor-section-height-default elementor-section-height-default\" data-id=\"192747d\" data-element_type=\"section\" data-e-type=\"section\" data-settings=\"{&quot;background_background&quot;:&quot;classic&quot;}\">\n\t\t\t\t\t\t<div class=\"elementor-container elementor-column-gap-default\">\n\t\t\t\t\t<div class=\"elementor-column elementor-col-33 elementor-top-column elementor-element elementor-element-004a2bc\" data-id=\"004a2bc\" data-element_type=\"column\" data-e-type=\"column\">\n\t\t\t<div class=\"elementor-widget-wrap elementor-element-populated\">\n\t\t\t\t\t\t<div class=\"elementor-element elementor-element-ee51255 elementor-position-top elementor-widget elementor-widget-image-box\" data-id=\"ee51255\" data-element_type=\"widget\" data-e-type=\"widget\" data-widget_type=\"image-box.default\">\n\t\t\t\t<div class=\"elementor-widget-container\">\n\t\t\t\t\t<div class=\"elementor-image-box-wrapper\"><figure class=\"elementor-image-box-img\"><img decoding=\"async\" width=\"80\" height=\"75\" src=\"https:\/\/academy.wiemspro.com\/wp-content\/uploads\/2021\/04\/fase-de-adaptacion.png\" class=\"attachment-full size-full wp-image-8160\" alt=\"fase de adaptacion\" \/><\/figure><div class=\"elementor-image-box-content\"><h3 class=\"elementor-image-box-title\">FASE DE ADAPTACI\u00d3N<\/h3><p class=\"elementor-image-box-description\">Ideada para los usuarios principiantes. Te permitir\u00e1 hacer que tu cliente se adapte al entrenamiento con electroestimulaci\u00f3n mientras aprende los patrones b\u00e1sicos de movimiento.<\/p><\/div><\/div>\t\t\t\t<\/div>\n\t\t\t\t<\/div>\n\t\t\t\t<div class=\"elementor-element elementor-element-b63d5fd elementor-align-center elementor-widget elementor-widget-button\" data-id=\"b63d5fd\" data-element_type=\"widget\" data-e-type=\"widget\" data-widget_type=\"button.default\">\n\t\t\t\t<div class=\"elementor-widget-container\">\n\t\t\t\t\t\t\t\t\t<div class=\"elementor-button-wrapper\">\n\t\t\t\t\t<a class=\"elementor-button elementor-button-link elementor-size-sm\" href=\"https:\/\/academy.wiemspro.com\/es\/entrenamientos-wiemspro\/adaptacion-a-la-electroestimulacion\/\">\n\t\t\t\t\t\t<span class=\"elementor-button-content-wrapper\">\n\t\t\t\t\t\t\t\t\t<span class=\"elementor-button-text\">IR AL ENTRENAMIENTO<\/span>\n\t\t\t\t\t<\/span>\n\t\t\t\t\t<\/a>\n\t\t\t\t<\/div>\n\t\t\t\t\t\t\t\t<\/div>\n\t\t\t\t<\/div>\n\t\t\t\t\t<\/div>\n\t\t<\/div>\n\t\t\t\t<div class=\"elementor-column elementor-col-33 elementor-top-column elementor-element elementor-element-a1f227c\" data-id=\"a1f227c\" data-element_type=\"column\" data-e-type=\"column\">\n\t\t\t<div class=\"elementor-widget-wrap elementor-element-populated\">\n\t\t\t\t\t\t<div class=\"elementor-element elementor-element-8cc019e elementor-position-top elementor-widget elementor-widget-image-box\" data-id=\"8cc019e\" data-element_type=\"widget\" data-e-type=\"widget\" data-widget_type=\"image-box.default\">\n\t\t\t\t<div class=\"elementor-widget-container\">\n\t\t\t\t\t<div class=\"elementor-image-box-wrapper\"><figure class=\"elementor-image-box-img\"><img decoding=\"async\" width=\"100\" height=\"57\" src=\"https:\/\/academy.wiemspro.com\/wp-content\/uploads\/2021\/04\/Grupo-4.png\" class=\"attachment-full size-full wp-image-8164\" alt=\"\" \/><\/figure><div class=\"elementor-image-box-content\"><h3 class=\"elementor-image-box-title\">P\u00c9RDIDA DE GRASA<\/h3><p class=\"elementor-image-box-description\">La mayor parte de los clientes de un centro fitness necesita cubrir este objetivo cuando decide iniciar un programa de entrenamiento. En esta programaci\u00f3n encontrar\u00e1s todo lo que necesitas.<\/p><\/div><\/div>\t\t\t\t<\/div>\n\t\t\t\t<\/div>\n\t\t\t\t<div class=\"elementor-element elementor-element-6c96971 elementor-align-center elementor-widget elementor-widget-button\" data-id=\"6c96971\" data-element_type=\"widget\" data-e-type=\"widget\" data-widget_type=\"button.default\">\n\t\t\t\t<div class=\"elementor-widget-container\">\n\t\t\t\t\t\t\t\t\t<div class=\"elementor-button-wrapper\">\n\t\t\t\t\t<a class=\"elementor-button elementor-button-link elementor-size-sm\" href=\"https:\/\/academy.wiemspro.com\/es\/entrenamientos-wiemspro\/perdida-de-grasa\/\">\n\t\t\t\t\t\t<span class=\"elementor-button-content-wrapper\">\n\t\t\t\t\t\t\t\t\t<span class=\"elementor-button-text\">IR AL ENTRENAMIENTO<\/span>\n\t\t\t\t\t<\/span>\n\t\t\t\t\t<\/a>\n\t\t\t\t<\/div>\n\t\t\t\t\t\t\t\t<\/div>\n\t\t\t\t<\/div>\n\t\t\t\t\t<\/div>\n\t\t<\/div>\n\t\t\t\t<div class=\"elementor-column elementor-col-33 elementor-top-column elementor-element elementor-element-21881a2\" data-id=\"21881a2\" data-element_type=\"column\" data-e-type=\"column\">\n\t\t\t<div class=\"elementor-widget-wrap elementor-element-populated\">\n\t\t\t\t\t\t<div class=\"elementor-element elementor-element-9b6c256 elementor-position-top elementor-widget elementor-widget-image-box\" data-id=\"9b6c256\" data-element_type=\"widget\" data-e-type=\"widget\" data-widget_type=\"image-box.default\">\n\t\t\t\t<div class=\"elementor-widget-container\">\n\t\t\t\t\t<div class=\"elementor-image-box-wrapper\"><figure class=\"elementor-image-box-img\"><img decoding=\"async\" width=\"47\" height=\"45\" src=\"https:\/\/academy.wiemspro.com\/wp-content\/uploads\/2021\/04\/tonificacio\u0301n.png\" class=\"attachment-full size-full wp-image-8166\" alt=\"\" \/><\/figure><div class=\"elementor-image-box-content\"><h3 class=\"elementor-image-box-title\">TONIFICACI\u00d3N<\/h3><p class=\"elementor-image-box-description\">En esta planificaci\u00f3n se pretende alcanzar un porcentaje de grasa \u00f3ptimo mientras se cuidan las proporciones corporales. Puedes encontrar distintas necesidades para hombres y mujeres<\/p><\/div><\/div>\t\t\t\t<\/div>\n\t\t\t\t<\/div>\n\t\t\t\t<div class=\"elementor-element elementor-element-3dd351b elementor-align-center elementor-widget elementor-widget-button\" data-id=\"3dd351b\" data-element_type=\"widget\" data-e-type=\"widget\" data-widget_type=\"button.default\">\n\t\t\t\t<div class=\"elementor-widget-container\">\n\t\t\t\t\t\t\t\t\t<div class=\"elementor-button-wrapper\">\n\t\t\t\t\t<a class=\"elementor-button elementor-button-link elementor-size-sm\" href=\"https:\/\/academy.wiemspro.com\/es\/entrenamientos-wiemspro\/tonificaciones-hombres-y-mujeres\/\">\n\t\t\t\t\t\t<span class=\"elementor-button-content-wrapper\">\n\t\t\t\t\t\t\t\t\t<span class=\"elementor-button-text\">IR AL ENTRENAMIENTO<\/span>\n\t\t\t\t\t<\/span>\n\t\t\t\t\t<\/a>\n\t\t\t\t<\/div>\n\t\t\t\t\t\t\t\t<\/div>\n\t\t\t\t<\/div>\n\t\t\t\t\t<\/div>\n\t\t<\/div>\n\t\t\t\t\t<\/div>\n\t\t<\/section>\n\t\t\t\t<section class=\"elementor-section elementor-top-section elementor-element elementor-element-ad71945 elementor-section-height-min-height elementor-section-boxed elementor-section-height-default elementor-section-items-middle\" data-id=\"ad71945\" data-element_type=\"section\" data-e-type=\"section\" data-settings=\"{&quot;background_background&quot;:&quot;classic&quot;}\">\n\t\t\t\t\t\t<div class=\"elementor-container elementor-column-gap-default\">\n\t\t\t\t\t<div class=\"elementor-column elementor-col-100 elementor-top-column elementor-element elementor-element-1de0471\" data-id=\"1de0471\" data-element_type=\"column\" data-e-type=\"column\">\n\t\t\t<div class=\"elementor-widget-wrap elementor-element-populated\">\n\t\t\t\t\t\t<div class=\"elementor-element elementor-element-21b2972 elementor-widget elementor-widget-heading\" data-id=\"21b2972\" data-element_type=\"widget\" data-e-type=\"widget\" data-widget_type=\"heading.default\">\n\t\t\t\t<div class=\"elementor-widget-container\">\n\t\t\t\t\t<h2 class=\"elementor-heading-title elementor-size-default\">\u00a1Quiero m\u00e1s informaci\u00f3n!<\/h2>\t\t\t\t<\/div>\n\t\t\t\t<\/div>\n\t\t\t\t<div class=\"elementor-element elementor-element-01821bc elementor-button-align-center elementor-widget elementor-widget-form\" data-id=\"01821bc\" data-element_type=\"widget\" data-e-type=\"widget\" data-settings=\"{&quot;step_next_label&quot;:&quot;Next&quot;,&quot;step_previous_label&quot;:&quot;Previous&quot;,&quot;button_width&quot;:&quot;100&quot;,&quot;step_type&quot;:&quot;number_text&quot;,&quot;step_icon_shape&quot;:&quot;circle&quot;}\" data-widget_type=\"form.default\">\n\t\t\t\t<div class=\"elementor-widget-container\">\n\t\t\t\t\t\t\t<form class=\"elementor-form\" method=\"post\" id=\"academy_informacion\" name=\"Academy - Informaci\u00f3n\" aria-label=\"Academy - Informaci\u00f3n\">\n\t\t\t<input type=\"hidden\" name=\"post_id\" value=\"2994\"\/>\n\t\t\t<input type=\"hidden\" name=\"form_id\" value=\"01821bc\"\/>\n\t\t\t<input type=\"hidden\" name=\"referer_title\" value=\"Entrenamientos Wiemspro - Wiemspro Academy\" \/>\n\n\t\t\t\t\t\t\t<input type=\"hidden\" name=\"queried_id\" value=\"2994\"\/>\n\t\t\t\n\t\t\t<div class=\"elementor-form-fields-wrapper elementor-labels-above\">\n\t\t\t\t\t\t\t\t<div class=\"elementor-field-type-text elementor-field-group elementor-column elementor-field-group-name elementor-col-30 elementor-field-required\">\n\t\t\t\t\t\t\t\t\t\t\t\t\t<input size=\"1\" type=\"text\" name=\"form_fields[name]\" id=\"form-field-name\" class=\"elementor-field elementor-size-sm  elementor-field-textual\" placeholder=\"Nombre\" required=\"required\">\n\t\t\t\t\t\t\t\t\t\t\t<\/div>\n\t\t\t\t\t\t\t\t<div class=\"elementor-field-type-number elementor-field-group elementor-column elementor-field-group-field_def5608 elementor-col-30 elementor-field-required\">\n\t\t\t\t\t\t\t\t<input type=\"number\" name=\"form_fields[field_def5608]\" id=\"form-field-field_def5608\" class=\"elementor-field elementor-size-sm  elementor-field-textual\" placeholder=\"Tel\u00e9fono\" required=\"required\" min=\"\" max=\"\" >\n\t\t\t\t\t\t<\/div>\n\t\t\t\t\t\t\t\t<div class=\"elementor-field-type-email elementor-field-group elementor-column elementor-field-group-email elementor-col-40 elementor-field-required\">\n\t\t\t\t\t\t\t\t\t\t\t\t\t<input size=\"1\" type=\"email\" name=\"form_fields[email]\" id=\"form-field-email\" class=\"elementor-field elementor-size-sm  elementor-field-textual\" placeholder=\"Email\" required=\"required\">\n\t\t\t\t\t\t\t\t\t\t\t<\/div>\n\t\t\t\t\t\t\t\t<div class=\"elementor-field-type-acceptance elementor-field-group elementor-column elementor-field-group-field_86a9aae elementor-col-100 elementor-field-required\">\n\t\t\t\t\t\t\t<div class=\"elementor-field-subgroup\">\n\t\t\t<span class=\"elementor-field-option\">\n\t\t\t\t<input type=\"checkbox\" name=\"form_fields[field_86a9aae]\" id=\"form-field-field_86a9aae\" class=\"elementor-field elementor-size-sm  elementor-acceptance-field\" required=\"required\">\n\t\t\t\t<label for=\"form-field-field_86a9aae\"><body>\n  Acepto la totalidad de condiciones de <a href=\"https:\/\/wiemspro.com\/aviso-legal\/\" style=\"color:#000000;\" target=\"_blank\" rel=\"noopener\">Aviso legal<\/a>, <a href=\"https:\/\/wiemspro.com\/politica-de-privacidad\/\" style=\"color:#000000;\" target=\"_blank\" rel=\"noopener\">Pol\u00edtica de Privacidad<\/a> y la recepci\u00f3n de comunicaciones, promociones, ofertas y comunicaciones comerciales.\n<\/body><\/label>\t\t\t<\/span>\n\t\t<\/div>\n\t\t\t\t\t\t<\/div>\n\t\t\t\t\t\t\t\t<div class=\"elementor-field-group elementor-column elementor-field-type-submit elementor-col-100 e-form__buttons\">\n\t\t\t\t\t<button class=\"elementor-button elementor-size-xs\" type=\"submit\">\n\t\t\t\t\t\t<span class=\"elementor-button-content-wrapper\">\n\t\t\t\t\t\t\t\t\t\t\t\t\t\t\t\t\t\t\t\t\t\t<span class=\"elementor-button-text\">ENVIAR<\/span>\n\t\t\t\t\t\t\t\t\t\t\t\t\t<\/span>\n\t\t\t\t\t<\/button>\n\t\t\t\t<\/div>\n\t\t\t<\/div>\n\t\t<\/form>\n\t\t\t\t\t\t<\/div>\n\t\t\t\t<\/div>\n\t\t\t\t\t<\/div>\n\t\t<\/div>\n\t\t\t\t\t<\/div>\n\t\t<\/section>\n\t\t\t\t<\/div>\n\t\t","protected":false},"excerpt":{"rendered":"<p>Entrenamientos Wiemspro \u00bfQu\u00e9 son los Entrenamientos Wiemspro? Los Entrenamientos Wiemspro son programaciones de entrenamiento en las cuales se detallan todos los elementos que debe controlar un entrenador. Cada programaci\u00f3n est\u00e1 compuesta por 8 sesiones, las cuales se dividen en 3 partes: calentamiento, parte principal y vuelta a la calma. Al inicio de cada programaci\u00f3n te [&hellip;]<\/p>\n","protected":false},"author":23,"featured_media":3662,"parent":0,"menu_order":0,"comment_status":"closed","ping_status":"closed","template":"elementor_header_footer","meta":{"footnotes":""},"class_list":["post-2994","page","type-page","status-publish","has-post-thumbnail","hentry"],"_links":{"self":[{"href":"https:\/\/academy.wiemspro.com\/es\/wp-json\/wp\/v2\/pages\/2994","targetHints":{"allow":["GET"]}}],"collection":[{"href":"https:\/\/academy.wiemspro.com\/es\/wp-json\/wp\/v2\/pages"}],"about":[{"href":"https:\/\/academy.wiemspro.com\/es\/wp-json\/wp\/v2\/types\/page"}],"author":[{"embeddable":true,"href":"https:\/\/academy.wiemspro.com\/es\/wp-json\/wp\/v2\/users\/23"}],"replies":[{"embeddable":true,"href":"https:\/\/academy.wiemspro.com\/es\/wp-json\/wp\/v2\/comments?post=2994"}],"version-history":[{"count":65,"href":"https:\/\/academy.wiemspro.com\/es\/wp-json\/wp\/v2\/pages\/2994\/revisions"}],"predecessor-version":[{"id":12918,"href":"https:\/\/academy.wiemspro.com\/es\/wp-json\/wp\/v2\/pages\/2994\/revisions\/12918"}],"wp:featuredmedia":[{"embeddable":true,"href":"https:\/\/academy.wiemspro.com\/es\/wp-json\/wp\/v2\/media\/3662"}],"wp:attachment":[{"href":"https:\/\/academy.wiemspro.com\/es\/wp-json\/wp\/v2\/media?parent=2994"}],"curies":[{"name":"wp","href":"https:\/\/api.w.org\/{rel}","templated":true}]}}