{"id":5571,"date":"2020-05-20T14:05:57","date_gmt":"2020-05-20T12:05:57","guid":{"rendered":"https:\/\/academy.wiemspro.com\/?page_id=5571"},"modified":"2024-04-15T09:54:09","modified_gmt":"2024-04-15T07:54:09","slug":"tutoriales-app","status":"publish","type":"page","link":"https:\/\/academy.wiemspro.com\/es\/tutoriales\/tutoriales-app\/","title":{"rendered":"APP"},"content":{"rendered":"\t\t<div data-elementor-type=\"wp-page\" data-elementor-id=\"5571\" class=\"elementor elementor-5571\" data-elementor-post-type=\"page\">\n\t\t\t\t\t\t<section class=\"elementor-section elementor-top-section elementor-element elementor-element-d1b7407 elementor-section-height-min-height elementor-section-boxed elementor-section-height-default elementor-section-items-middle\" data-id=\"d1b7407\" data-element_type=\"section\" data-e-type=\"section\" data-settings=\"{&quot;background_background&quot;:&quot;classic&quot;}\">\n\t\t\t\t\t\t<div class=\"elementor-container elementor-column-gap-default\">\n\t\t\t\t\t<div class=\"elementor-column elementor-col-100 elementor-top-column elementor-element elementor-element-bce3809\" data-id=\"bce3809\" data-element_type=\"column\" data-e-type=\"column\">\n\t\t\t<div class=\"elementor-widget-wrap elementor-element-populated\">\n\t\t\t\t\t\t<div class=\"elementor-element elementor-element-4bc8504 elementor-widget elementor-widget-heading\" data-id=\"4bc8504\" data-element_type=\"widget\" data-e-type=\"widget\" data-widget_type=\"heading.default\">\n\t\t\t\t<div class=\"elementor-widget-container\">\n\t\t\t\t\t<h1 class=\"elementor-heading-title elementor-size-default\">Tutoriales App<\/h1>\t\t\t\t<\/div>\n\t\t\t\t<\/div>\n\t\t\t\t\t<\/div>\n\t\t<\/div>\n\t\t\t\t\t<\/div>\n\t\t<\/section>\n\t\t\t\t<section class=\"elementor-section elementor-top-section elementor-element elementor-element-fa99672 elementor-section-boxed elementor-section-height-default elementor-section-height-default\" data-id=\"fa99672\" data-element_type=\"section\" data-e-type=\"section\" data-settings=\"{&quot;background_background&quot;:&quot;classic&quot;}\">\n\t\t\t\t\t\t<div class=\"elementor-container elementor-column-gap-default\">\n\t\t\t\t\t<div class=\"elementor-column elementor-col-100 elementor-top-column elementor-element elementor-element-66a095f\" data-id=\"66a095f\" data-element_type=\"column\" data-e-type=\"column\">\n\t\t\t<div class=\"elementor-widget-wrap elementor-element-populated\">\n\t\t\t\t\t\t<div class=\"elementor-element elementor-element-3c1d1d4 elementor-widget elementor-widget-text-editor\" data-id=\"3c1d1d4\" data-element_type=\"widget\" data-e-type=\"widget\" data-widget_type=\"text-editor.default\">\n\t\t\t\t<div class=\"elementor-widget-container\">\n\t\t\t\t\t\t\t\t\t<p>En este apartado encontrar\u00e1s dos secciones: por un lado los video-tutoriales de las <strong>funcionalidades m\u00e1s b\u00e1sicas de la app PRO<\/strong>, para poder configurar el sistema y realizar entrenamientos con la App de Wiemspro; y por otro video-tutoriales de la <b>nueva app Wiems Easy. \u00a1M\u00e1s f\u00e1cil, m\u00e1s c\u00f3moda, m\u00e1s intuitiva!<\/b><\/p><p>Puedes usar estos video-tutoriales como material de estudio o como consulta en el momento en que te surjan dudas.<\/p>\t\t\t\t\t\t\t\t<\/div>\n\t\t\t\t<\/div>\n\t\t\t\t\t<\/div>\n\t\t<\/div>\n\t\t\t\t\t<\/div>\n\t\t<\/section>\n\t\t\t\t<section class=\"elementor-section elementor-top-section elementor-element elementor-element-610d363 elementor-section-boxed elementor-section-height-default elementor-section-height-default\" data-id=\"610d363\" data-element_type=\"section\" data-e-type=\"section\" data-settings=\"{&quot;background_background&quot;:&quot;classic&quot;}\">\n\t\t\t\t\t\t<div class=\"elementor-container elementor-column-gap-default\">\n\t\t\t\t\t<div class=\"elementor-column elementor-col-25 elementor-top-column elementor-element elementor-element-d405e98\" data-id=\"d405e98\" data-element_type=\"column\" data-e-type=\"column\">\n\t\t\t<div class=\"elementor-widget-wrap elementor-element-populated\">\n\t\t\t\t\t\t<div class=\"elementor-element elementor-element-b2fc4d0 elementor-position-top elementor-widget elementor-widget-image-box\" data-id=\"b2fc4d0\" data-element_type=\"widget\" data-e-type=\"widget\" data-widget_type=\"image-box.default\">\n\t\t\t\t<div class=\"elementor-widget-container\">\n\t\t\t\t\t<div class=\"elementor-image-box-wrapper\"><figure class=\"elementor-image-box-img\"><img fetchpriority=\"high\" decoding=\"async\" width=\"512\" height=\"512\" src=\"https:\/\/academy.wiemspro.com\/wp-content\/uploads\/2023\/07\/tableta.png\" class=\"attachment-full size-full wp-image-13489\" alt=\"\" srcset=\"https:\/\/academy.wiemspro.com\/wp-content\/uploads\/2023\/07\/tableta.png 512w, https:\/\/academy.wiemspro.com\/wp-content\/uploads\/2023\/07\/tableta-300x300.png 300w, https:\/\/academy.wiemspro.com\/wp-content\/uploads\/2023\/07\/tableta-150x150.png 150w, https:\/\/academy.wiemspro.com\/wp-content\/uploads\/2023\/07\/tableta-100x100.png 100w\" sizes=\"(max-width: 512px) 100vw, 512px\" \/><\/figure><div class=\"elementor-image-box-content\"><h3 class=\"elementor-image-box-title\">App PRO<\/h3><p class=\"elementor-image-box-description\">Tu app de entrenamiento Wiemspro PRO para profesionales y trainers altamente cualificados.<\/p><\/div><\/div>\t\t\t\t<\/div>\n\t\t\t\t<\/div>\n\t\t\t\t<div class=\"elementor-element elementor-element-ef92f91 elementor-align-center elementor-widget elementor-widget-button\" data-id=\"ef92f91\" data-element_type=\"widget\" data-e-type=\"widget\" data-widget_type=\"button.default\">\n\t\t\t\t<div class=\"elementor-widget-container\">\n\t\t\t\t\t\t\t\t\t<div class=\"elementor-button-wrapper\">\n\t\t\t\t\t<a class=\"elementor-button elementor-button-link elementor-size-sm\" href=\"https:\/\/academy.wiemspro.com\/es\/tutoriales\/tutoriales-app\/pro\/\">\n\t\t\t\t\t\t<span class=\"elementor-button-content-wrapper\">\n\t\t\t\t\t\t\t\t\t<span class=\"elementor-button-text\">Ir a los tutoriales<\/span>\n\t\t\t\t\t<\/span>\n\t\t\t\t\t<\/a>\n\t\t\t\t<\/div>\n\t\t\t\t\t\t\t\t<\/div>\n\t\t\t\t<\/div>\n\t\t\t\t\t<\/div>\n\t\t<\/div>\n\t\t\t\t<div class=\"elementor-column elementor-col-25 elementor-top-column elementor-element elementor-element-86731e7\" data-id=\"86731e7\" data-element_type=\"column\" data-e-type=\"column\">\n\t\t\t<div class=\"elementor-widget-wrap elementor-element-populated\">\n\t\t\t\t\t\t<div class=\"elementor-element elementor-element-dfcf481 elementor-position-top elementor-widget elementor-widget-image-box\" data-id=\"dfcf481\" data-element_type=\"widget\" data-e-type=\"widget\" data-widget_type=\"image-box.default\">\n\t\t\t\t<div class=\"elementor-widget-container\">\n\t\t\t\t\t<div class=\"elementor-image-box-wrapper\"><figure class=\"elementor-image-box-img\"><img decoding=\"async\" width=\"512\" height=\"512\" src=\"https:\/\/academy.wiemspro.com\/wp-content\/uploads\/2023\/07\/computer-tower.png\" class=\"attachment-full size-full wp-image-13483\" alt=\"\" srcset=\"https:\/\/academy.wiemspro.com\/wp-content\/uploads\/2023\/07\/computer-tower.png 512w, https:\/\/academy.wiemspro.com\/wp-content\/uploads\/2023\/07\/computer-tower-300x300.png 300w, https:\/\/academy.wiemspro.com\/wp-content\/uploads\/2023\/07\/computer-tower-150x150.png 150w, https:\/\/academy.wiemspro.com\/wp-content\/uploads\/2023\/07\/computer-tower-100x100.png 100w\" sizes=\"(max-width: 512px) 100vw, 512px\" \/><\/figure><div class=\"elementor-image-box-content\"><h3 class=\"elementor-image-box-title\">App Wiems Easy<\/h3><p class=\"elementor-image-box-description\">Nueva app de entrenamiento easy para dispositivos smartphones y tablets. \u00a1M\u00e1s f\u00e1cil, m\u00e1s c\u00f3moda, m\u00e1s easy!<\/p><\/div><\/div>\t\t\t\t<\/div>\n\t\t\t\t<\/div>\n\t\t\t\t<div class=\"elementor-element elementor-element-5339741 elementor-align-center elementor-widget elementor-widget-button\" data-id=\"5339741\" data-element_type=\"widget\" data-e-type=\"widget\" data-widget_type=\"button.default\">\n\t\t\t\t<div class=\"elementor-widget-container\">\n\t\t\t\t\t\t\t\t\t<div class=\"elementor-button-wrapper\">\n\t\t\t\t\t<a class=\"elementor-button elementor-button-link elementor-size-sm\" href=\"https:\/\/academy.wiemspro.com\/es\/tutoriales\/tutoriales-app\/wiems-easy\/\">\n\t\t\t\t\t\t<span class=\"elementor-button-content-wrapper\">\n\t\t\t\t\t\t\t\t\t<span class=\"elementor-button-text\">Ir a los tutoriales<\/span>\n\t\t\t\t\t<\/span>\n\t\t\t\t\t<\/a>\n\t\t\t\t<\/div>\n\t\t\t\t\t\t\t\t<\/div>\n\t\t\t\t<\/div>\n\t\t\t\t\t<\/div>\n\t\t<\/div>\n\t\t\t\t<div class=\"elementor-column elementor-col-25 elementor-top-column elementor-element elementor-element-d53856c\" data-id=\"d53856c\" data-element_type=\"column\" data-e-type=\"column\">\n\t\t\t<div class=\"elementor-widget-wrap elementor-element-populated\">\n\t\t\t\t\t\t<div class=\"elementor-element elementor-element-ca0fdfa elementor-position-top elementor-widget elementor-widget-image-box\" data-id=\"ca0fdfa\" data-element_type=\"widget\" data-e-type=\"widget\" data-widget_type=\"image-box.default\">\n\t\t\t\t<div class=\"elementor-widget-container\">\n\t\t\t\t\t<div class=\"elementor-image-box-wrapper\"><figure class=\"elementor-image-box-img\"><img decoding=\"async\" width=\"512\" height=\"512\" src=\"https:\/\/academy.wiemspro.com\/wp-content\/uploads\/2024\/04\/wiemsplus.png\" class=\"attachment-full size-full wp-image-13769\" alt=\"\" srcset=\"https:\/\/academy.wiemspro.com\/wp-content\/uploads\/2024\/04\/wiemsplus.png 512w, https:\/\/academy.wiemspro.com\/wp-content\/uploads\/2024\/04\/wiemsplus-300x300.png 300w, https:\/\/academy.wiemspro.com\/wp-content\/uploads\/2024\/04\/wiemsplus-150x150.png 150w, https:\/\/academy.wiemspro.com\/wp-content\/uploads\/2024\/04\/wiemsplus-100x100.png 100w\" sizes=\"(max-width: 512px) 100vw, 512px\" \/><\/figure><div class=\"elementor-image-box-content\"><h3 class=\"elementor-image-box-title\">App Wiemsplus<\/h3><p class=\"elementor-image-box-description\">App de entrenamiento WiemsPlus para dispositivos smartphones y tablets. \u00a1Entrena desde casa!<\/p><\/div><\/div>\t\t\t\t<\/div>\n\t\t\t\t<\/div>\n\t\t\t\t<div class=\"elementor-element elementor-element-3e14d64 elementor-align-center elementor-widget elementor-widget-button\" data-id=\"3e14d64\" data-element_type=\"widget\" data-e-type=\"widget\" data-widget_type=\"button.default\">\n\t\t\t\t<div class=\"elementor-widget-container\">\n\t\t\t\t\t\t\t\t\t<div class=\"elementor-button-wrapper\">\n\t\t\t\t\t<a class=\"elementor-button elementor-button-link elementor-size-sm\" href=\"https:\/\/academy.wiemspro.com\/es\/tutoriales\/tutoriales-app\/wiemsplus\">\n\t\t\t\t\t\t<span class=\"elementor-button-content-wrapper\">\n\t\t\t\t\t\t\t\t\t<span class=\"elementor-button-text\">Ir a los tutoriales<\/span>\n\t\t\t\t\t<\/span>\n\t\t\t\t\t<\/a>\n\t\t\t\t<\/div>\n\t\t\t\t\t\t\t\t<\/div>\n\t\t\t\t<\/div>\n\t\t\t\t\t<\/div>\n\t\t<\/div>\n\t\t\t\t<div class=\"elementor-column elementor-col-25 elementor-top-column elementor-element elementor-element-45eefe8\" data-id=\"45eefe8\" data-element_type=\"column\" data-e-type=\"column\">\n\t\t\t<div class=\"elementor-widget-wrap elementor-element-populated\">\n\t\t\t\t\t\t<div class=\"elementor-element elementor-element-585b2d0 elementor-position-top elementor-widget elementor-widget-image-box\" data-id=\"585b2d0\" data-element_type=\"widget\" data-e-type=\"widget\" data-widget_type=\"image-box.default\">\n\t\t\t\t<div class=\"elementor-widget-container\">\n\t\t\t\t\t<div class=\"elementor-image-box-wrapper\"><figure class=\"elementor-image-box-img\"><img loading=\"lazy\" decoding=\"async\" width=\"512\" height=\"512\" src=\"https:\/\/academy.wiemspro.com\/wp-content\/uploads\/2023\/08\/tableta-onnafit.png\" class=\"attachment-full size-full wp-image-13521\" alt=\"\" srcset=\"https:\/\/academy.wiemspro.com\/wp-content\/uploads\/2023\/08\/tableta-onnafit.png 512w, https:\/\/academy.wiemspro.com\/wp-content\/uploads\/2023\/08\/tableta-onnafit-300x300.png 300w, https:\/\/academy.wiemspro.com\/wp-content\/uploads\/2023\/08\/tableta-onnafit-150x150.png 150w, https:\/\/academy.wiemspro.com\/wp-content\/uploads\/2023\/08\/tableta-onnafit-100x100.png 100w\" sizes=\"(max-width: 512px) 100vw, 512px\" \/><\/figure><div class=\"elementor-image-box-content\"><h3 class=\"elementor-image-box-title\">App Onnafit<\/h3><p class=\"elementor-image-box-description\">La app de tratamiento Onnafit es f\u00e1cil e intuitiva. Para profesionales del sector m\u00e9dico - est\u00e9tico.<\/p><\/div><\/div>\t\t\t\t<\/div>\n\t\t\t\t<\/div>\n\t\t\t\t<div class=\"elementor-element elementor-element-2327247 elementor-align-center elementor-widget elementor-widget-button\" data-id=\"2327247\" data-element_type=\"widget\" data-e-type=\"widget\" data-widget_type=\"button.default\">\n\t\t\t\t<div class=\"elementor-widget-container\">\n\t\t\t\t\t\t\t\t\t<div class=\"elementor-button-wrapper\">\n\t\t\t\t\t<a class=\"elementor-button elementor-button-link elementor-size-sm\" href=\"https:\/\/academy.wiemspro.com\/es\/onnafit\/\">\n\t\t\t\t\t\t<span class=\"elementor-button-content-wrapper\">\n\t\t\t\t\t\t\t\t\t<span class=\"elementor-button-text\">Ir a los tutoriales<\/span>\n\t\t\t\t\t<\/span>\n\t\t\t\t\t<\/a>\n\t\t\t\t<\/div>\n\t\t\t\t\t\t\t\t<\/div>\n\t\t\t\t<\/div>\n\t\t\t\t\t<\/div>\n\t\t<\/div>\n\t\t\t\t\t<\/div>\n\t\t<\/section>\n\t\t\t\t<section class=\"elementor-section elementor-top-section elementor-element elementor-element-d93eaec elementor-section-boxed elementor-section-height-default elementor-section-height-default\" data-id=\"d93eaec\" data-element_type=\"section\" data-e-type=\"section\">\n\t\t\t\t\t\t<div class=\"elementor-container elementor-column-gap-default\">\n\t\t\t\t\t<div class=\"elementor-column elementor-col-100 elementor-top-column elementor-element elementor-element-4ed8145\" data-id=\"4ed8145\" data-element_type=\"column\" data-e-type=\"column\">\n\t\t\t<div class=\"elementor-widget-wrap elementor-element-populated\">\n\t\t\t\t\t\t<div class=\"elementor-element elementor-element-b066c99 elementor-align-center elementor-widget elementor-widget-button\" data-id=\"b066c99\" data-element_type=\"widget\" data-e-type=\"widget\" data-widget_type=\"button.default\">\n\t\t\t\t<div class=\"elementor-widget-container\">\n\t\t\t\t\t\t\t\t\t<div class=\"elementor-button-wrapper\">\n\t\t\t\t\t<a class=\"elementor-button elementor-button-link elementor-size-sm\" href=\"https:\/\/academy.wiemspro.com\/es\/tutoriales\/\">\n\t\t\t\t\t\t<span class=\"elementor-button-content-wrapper\">\n\t\t\t\t\t\t\t\t\t<span class=\"elementor-button-text\">IR A LA P\u00c1GINA PRINCIPAL DE TUTORIALES<\/span>\n\t\t\t\t\t<\/span>\n\t\t\t\t\t<\/a>\n\t\t\t\t<\/div>\n\t\t\t\t\t\t\t\t<\/div>\n\t\t\t\t<\/div>\n\t\t\t\t\t<\/div>\n\t\t<\/div>\n\t\t\t\t\t<\/div>\n\t\t<\/section>\n\t\t\t\t<\/div>\n\t\t","protected":false},"excerpt":{"rendered":"<p>Tutoriales App En este apartado encontrar\u00e1s dos secciones: por un lado los video-tutoriales de las funcionalidades m\u00e1s b\u00e1sicas de la app PRO, para poder configurar el sistema y realizar entrenamientos con la App de Wiemspro; y por otro video-tutoriales de la nueva app Wiems Easy. \u00a1M\u00e1s f\u00e1cil, m\u00e1s c\u00f3moda, m\u00e1s intuitiva! Puedes usar estos video-tutoriales [&hellip;]<\/p>\n","protected":false},"author":23,"featured_media":0,"parent":10323,"menu_order":0,"comment_status":"closed","ping_status":"closed","template":"elementor_header_footer","meta":{"footnotes":""},"class_list":["post-5571","page","type-page","status-publish","hentry"],"_links":{"self":[{"href":"https:\/\/academy.wiemspro.com\/es\/wp-json\/wp\/v2\/pages\/5571","targetHints":{"allow":["GET"]}}],"collection":[{"href":"https:\/\/academy.wiemspro.com\/es\/wp-json\/wp\/v2\/pages"}],"about":[{"href":"https:\/\/academy.wiemspro.com\/es\/wp-json\/wp\/v2\/types\/page"}],"author":[{"embeddable":true,"href":"https:\/\/academy.wiemspro.com\/es\/wp-json\/wp\/v2\/users\/23"}],"replies":[{"embeddable":true,"href":"https:\/\/academy.wiemspro.com\/es\/wp-json\/wp\/v2\/comments?post=5571"}],"version-history":[{"count":205,"href":"https:\/\/academy.wiemspro.com\/es\/wp-json\/wp\/v2\/pages\/5571\/revisions"}],"predecessor-version":[{"id":13777,"href":"https:\/\/academy.wiemspro.com\/es\/wp-json\/wp\/v2\/pages\/5571\/revisions\/13777"}],"up":[{"embeddable":true,"href":"https:\/\/academy.wiemspro.com\/es\/wp-json\/wp\/v2\/pages\/10323"}],"wp:attachment":[{"href":"https:\/\/academy.wiemspro.com\/es\/wp-json\/wp\/v2\/media?parent=5571"}],"curies":[{"name":"wp","href":"https:\/\/api.w.org\/{rel}","templated":true}]}}